{"id":5,"date":"2023-04-13T16:46:22","date_gmt":"2023-04-13T19:46:22","guid":{"rendered":"https:\/\/regens.com.br\/?page_id=5"},"modified":"2023-04-17T13:03:02","modified_gmt":"2023-04-17T16:03:02","slug":"nossa-empresa","status":"publish","type":"page","link":"https:\/\/regens.com.br\/?page_id=5","title":{"rendered":"Nossa empresa"},"content":{"rendered":"\n<p class=\"has-text-align-center has-medium-font-size\">Fundada em decorr\u00eancia da id\u00e9ia vision\u00e1ria de seus s\u00f3cios, que associaram a vis\u00e3o consultiva e de Gest\u00e3o de Neg\u00f3cios, atuando em diversos segmentos e atendendo empresas nacionais e multinacionais, onde adquiriram expertise e know how, no entanto percebiam que todos os clientes precisavam de um atendimento diferenciado e com o acompanhamento de seu caso feito diretamente pelos seniors partners, por\u00e9m contando com uma equipe extremamente \u00e9tica, profissional, diligente e totalmente comprometida com o resultado.<\/p>\n\n\n<div class=\"wp-block-image\">\n<figure class=\"aligncenter size-full is-resized\"><img loading=\"lazy\" decoding=\"async\" src=\"https:\/\/regens.com.br\/wp-content\/uploads\/2023\/04\/images__6_-removebg-preview-1.png\" alt=\"\" class=\"wp-image-170\" width=\"245\" height=\"184\"\/><\/figure><\/div>\n\n\n<p class=\"has-text-align-center has-medium-font-size\">Desta forma, nasce a <strong>REGENS<\/strong>, uma empresa totalmente voltada para obten\u00e7\u00e3o  de  resultados positivos  e  reais para  os nossos clientes. Nossa conduta, plano e metodologia de trabalho est\u00e1 voltada exclusivamente para atender os interesses das empresas e de seus acionistas, visando sempre optar pelo caminho mais seguro e adequado de acordo com cada situa\u00e7\u00e3o, sempre com o conceito de executar uma EVOLU\u00c7\u00c3O sem REVOLU\u00c7\u00c3O.<\/p>\n\n\n\n<p class=\"has-text-align-center has-medium-font-size\">Com expertise de nossos profissionais, com passagens por big four e executivos de grandes companhias, alinhamos as quest\u00f5es te\u00f3ricas e pr\u00e1ticas com solu\u00e7\u00f5es e implanta\u00e7\u00f5es que trazem benef\u00edcios imediatos ao cliente, que em geral, n\u00e3o disp\u00f5e de tempo aguardando relat\u00f3rios conclusivos e planos de a\u00e7\u00e3o de longo prazo.<\/p>\n","protected":false},"excerpt":{"rendered":"<p>Fundada em decorr\u00eancia da id\u00e9ia vision\u00e1ria de seus s\u00f3cios, que associaram a vis\u00e3o consultiva e de Gest\u00e3o de Neg\u00f3cios, atuando em diversos segmentos e atendendo empresas nacionais e multinacionais, onde adquiriram expertise e know how, no entanto percebiam que todos os clientes precisavam de um atendimento diferenciado e com o acompanhamento de seu caso feito [&hellip;]<\/p>\n","protected":false},"author":1,"featured_media":0,"parent":0,"menu_order":0,"comment_status":"closed","ping_status":"closed","template":"","meta":{"footnotes":""},"_links":{"self":[{"href":"https:\/\/regens.com.br\/index.php?rest_route=\/wp\/v2\/pages\/5"}],"collection":[{"href":"https:\/\/regens.com.br\/index.php?rest_route=\/wp\/v2\/pages"}],"about":[{"href":"https:\/\/regens.com.br\/index.php?rest_route=\/wp\/v2\/types\/page"}],"author":[{"embeddable":true,"href":"https:\/\/regens.com.br\/index.php?rest_route=\/wp\/v2\/users\/1"}],"replies":[{"embeddable":true,"href":"https:\/\/regens.com.br\/index.php?rest_route=%2Fwp%2Fv2%2Fcomments&post=5"}],"version-history":[{"count":16,"href":"https:\/\/regens.com.br\/index.php?rest_route=\/wp\/v2\/pages\/5\/revisions"}],"predecessor-version":[{"id":197,"href":"https:\/\/regens.com.br\/index.php?rest_route=\/wp\/v2\/pages\/5\/revisions\/197"}],"wp:attachment":[{"href":"https:\/\/regens.com.br\/index.php?rest_route=%2Fwp%2Fv2%2Fmedia&parent=5"}],"curies":[{"name":"wp","href":"https:\/\/api.w.org\/{rel}","templated":true}]}}