{"id":470,"date":"2024-06-24T15:05:10","date_gmt":"2024-06-24T18:05:10","guid":{"rendered":"https:\/\/regens.com.br\/?page_id=470"},"modified":"2024-06-24T16:37:16","modified_gmt":"2024-06-24T19:37:16","slug":"direito-ambiental","status":"publish","type":"page","link":"https:\/\/regens.com.br\/?page_id=470","title":{"rendered":"Direito Ambiental"},"content":{"rendered":"\n<p class=\"has-text-align-center has-vivid-cyan-blue-color has-text-color has-large-font-size\"><strong>DIREITO AMBIENTAL<\/strong><\/p>\n\n\n<div class=\"wp-block-image\">\n<figure class=\"aligncenter size-full\"><img loading=\"lazy\" decoding=\"async\" width=\"208\" height=\"243\" src=\"http:\/\/regens.com.br\/wp-content\/uploads\/2024\/06\/download-2.jpg\" alt=\"\" class=\"wp-image-471\"\/><\/figure><\/div>\n\n<div class=\"wp-block-image\">\n<figure class=\"aligncenter size-large is-resized\"><img loading=\"lazy\" decoding=\"async\" width=\"1024\" height=\"109\" src=\"https:\/\/regens.com.br\/wp-content\/uploads\/2024\/06\/barra_superior-removebg-preview-1024x109.png\" alt=\"\" class=\"wp-image-495\" style=\"width:884px;height:auto\" srcset=\"https:\/\/regens.com.br\/wp-content\/uploads\/2024\/06\/barra_superior-removebg-preview-1024x109.png 1024w, https:\/\/regens.com.br\/wp-content\/uploads\/2024\/06\/barra_superior-removebg-preview-300x32.png 300w, https:\/\/regens.com.br\/wp-content\/uploads\/2024\/06\/barra_superior-removebg-preview-768x82.png 768w, https:\/\/regens.com.br\/wp-content\/uploads\/2024\/06\/barra_superior-removebg-preview.png 1526w\" sizes=\"(max-width: 1024px) 100vw, 1024px\" \/><\/figure><\/div>\n\n\n<p class=\"has-text-align-center has-medium-font-size\">1- Obten\u00e7\u00e3o e renova\u00e7\u00e3o de licen\u00e7as ou autoriza\u00e7\u00f5es ambientais nas esferas : municipal, estadual e federal.<\/p>\n\n\n\n<p class=\"has-text-align-center has-medium-font-size\"><br>2- Auditorias e planejamento ambiental:<\/p>\n\n\n\n<p class=\"has-text-align-center has-medium-font-size\"><br>a) An\u00e1lise da situa\u00e7\u00e3o da empresa perante a legisla\u00e7\u00e3o e as pol\u00edticas internas ambientais.<br>b) Planejamento de pr\u00e1ticas operacionais para reduzir o risco ambiental.<\/p>\n\n\n\n<p class=\"has-text-align-center has-medium-font-size\"><br>3- Defesa e negocia\u00e7\u00f5es em casos de atua\u00e7\u00f5es, multas e interdi\u00e7\u00f5es nas esferas administrativas e judiciais de quest\u00f5es ambientais<\/p>\n\n\n<div class=\"wp-block-image\">\n<figure class=\"aligncenter size-large is-resized\"><img loading=\"lazy\" decoding=\"async\" width=\"1024\" height=\"46\" src=\"https:\/\/regens.com.br\/wp-content\/uploads\/2024\/06\/barra_inferior-removebg-preview-1024x46.png\" alt=\"\" class=\"wp-image-496\" style=\"width:851px;height:auto\" srcset=\"https:\/\/regens.com.br\/wp-content\/uploads\/2024\/06\/barra_inferior-removebg-preview-1024x46.png 1024w, https:\/\/regens.com.br\/wp-content\/uploads\/2024\/06\/barra_inferior-removebg-preview-300x14.png 300w, https:\/\/regens.com.br\/wp-content\/uploads\/2024\/06\/barra_inferior-removebg-preview-768x35.png 768w, https:\/\/regens.com.br\/wp-content\/uploads\/2024\/06\/barra_inferior-removebg-preview-1536x69.png 1536w, https:\/\/regens.com.br\/wp-content\/uploads\/2024\/06\/barra_inferior-removebg-preview-2048x93.png 2048w\" sizes=\"(max-width: 1024px) 100vw, 1024px\" \/><\/figure><\/div>","protected":false},"excerpt":{"rendered":"<p>DIREITO AMBIENTAL 1- Obten\u00e7\u00e3o e renova\u00e7\u00e3o de licen\u00e7as ou autoriza\u00e7\u00f5es ambientais nas esferas : municipal, estadual e federal. 2- Auditorias e planejamento ambiental: a) An\u00e1lise da situa\u00e7\u00e3o da empresa perante a legisla\u00e7\u00e3o e as pol\u00edticas internas ambientais.b) Planejamento de pr\u00e1ticas operacionais para reduzir o risco ambiental. 3- Defesa e negocia\u00e7\u00f5es em casos de atua\u00e7\u00f5es, multas [&hellip;]<\/p>\n","protected":false},"author":1,"featured_media":0,"parent":0,"menu_order":0,"comment_status":"closed","ping_status":"closed","template":"","meta":{"footnotes":""},"_links":{"self":[{"href":"https:\/\/regens.com.br\/index.php?rest_route=\/wp\/v2\/pages\/470"}],"collection":[{"href":"https:\/\/regens.com.br\/index.php?rest_route=\/wp\/v2\/pages"}],"about":[{"href":"https:\/\/regens.com.br\/index.php?rest_route=\/wp\/v2\/types\/page"}],"author":[{"embeddable":true,"href":"https:\/\/regens.com.br\/index.php?rest_route=\/wp\/v2\/users\/1"}],"replies":[{"embeddable":true,"href":"https:\/\/regens.com.br\/index.php?rest_route=%2Fwp%2Fv2%2Fcomments&post=470"}],"version-history":[{"count":18,"href":"https:\/\/regens.com.br\/index.php?rest_route=\/wp\/v2\/pages\/470\/revisions"}],"predecessor-version":[{"id":501,"href":"https:\/\/regens.com.br\/index.php?rest_route=\/wp\/v2\/pages\/470\/revisions\/501"}],"wp:attachment":[{"href":"https:\/\/regens.com.br\/index.php?rest_route=%2Fwp%2Fv2%2Fmedia&parent=470"}],"curies":[{"name":"wp","href":"https:\/\/api.w.org\/{rel}","templated":true}]}}