{"id":189,"date":"2023-04-17T12:58:00","date_gmt":"2023-04-17T15:58:00","guid":{"rendered":"https:\/\/regens.com.br\/?page_id=189"},"modified":"2023-04-17T13:19:25","modified_gmt":"2023-04-17T16:19:25","slug":"metodologia","status":"publish","type":"page","link":"https:\/\/regens.com.br\/?page_id=189","title":{"rendered":"Diferencial"},"content":{"rendered":"\n<p class=\"has-text-align-center has-medium-font-size\"><strong><em>METODOLOGIA<\/em><\/strong> testada e aprovada, sustentada pela troca din\u00e2mica de conhecimento entre equipe de trabalho e clientes de diversos segmentos de modo a permitir seu constante aprimoramento.<\/p>\n\n\n<div class=\"wp-block-image\">\n<figure class=\"aligncenter size-full\"><img loading=\"lazy\" decoding=\"async\" width=\"300\" height=\"184\" src=\"https:\/\/regens.com.br\/wp-content\/uploads\/2023\/04\/metodologia-300x184-removebg-preview.png\" alt=\"\" class=\"wp-image-202\"\/><\/figure><\/div>\n\n\n<p class=\"has-text-align-center has-medium-font-size\"><strong><em>EXPERI\u00caNCIA<\/em><\/strong> de sucesso em condu\u00e7\u00e3o de projetos de alta complexidade e amplitude, atuando desde o planejamento e concep\u00e7\u00e3o estrat\u00e9gica at\u00e9 sua efetiva implementa\u00e7\u00e3o.<\/p>\n\n\n<div class=\"wp-block-image\">\n<figure class=\"aligncenter size-full\"><img loading=\"lazy\" decoding=\"async\" width=\"318\" height=\"159\" src=\"https:\/\/regens.com.br\/wp-content\/uploads\/2023\/04\/Experiencia-removebg-preview.png\" alt=\"\" class=\"wp-image-201\" srcset=\"https:\/\/regens.com.br\/wp-content\/uploads\/2023\/04\/Experiencia-removebg-preview.png 318w, https:\/\/regens.com.br\/wp-content\/uploads\/2023\/04\/Experiencia-removebg-preview-300x150.png 300w\" sizes=\"(max-width: 318px) 100vw, 318px\" \/><\/figure><\/div>\n\n\n<p class=\"has-text-align-center has-medium-font-size\"><strong><em>VIV\u00caNCIA<\/em><\/strong> de seus profissionais em diversos segmentos e mercado regulamentados como industrias, servi\u00e7os, seguros, previd\u00eancia complementar e mercado financeiro.<\/p>\n\n\n<div class=\"wp-block-image\">\n<figure class=\"aligncenter size-full\"><img loading=\"lazy\" decoding=\"async\" width=\"306\" height=\"210\" src=\"https:\/\/regens.com.br\/wp-content\/uploads\/2023\/04\/Vivencia-2.jpg\" alt=\"\" class=\"wp-image-208\" srcset=\"https:\/\/regens.com.br\/wp-content\/uploads\/2023\/04\/Vivencia-2.jpg 306w, https:\/\/regens.com.br\/wp-content\/uploads\/2023\/04\/Vivencia-2-300x206.jpg 300w\" sizes=\"(max-width: 306px) 100vw, 306px\" \/><\/figure><\/div>\n\n\n<p class=\"has-text-align-center has-very-light-gray-to-cyan-bluish-gray-gradient-background has-background has-medium-font-size\"><strong>COMPROMISSOS ASSUMIDOS E ASSEGURADOS PELA REGENS<\/strong><\/p>\n\n\n\n<p class=\"has-text-align-center has-medium-font-size\">Clareza no entendimento dos objetivos dos trabalhos.<\/p>\n\n\n\n<p class=\"has-text-align-center has-medium-font-size\">Dom\u00ednio do escopo e compreens\u00e3o da relev\u00e2ncia dos resultados.<\/p>\n\n\n\n<p class=\"has-text-align-center has-medium-font-size\">Cronograma de execu\u00e7\u00e3o do trabalho de acordo com prazos pr\u00e9-estabelecidos.<\/p>\n","protected":false},"excerpt":{"rendered":"<p>METODOLOGIA testada e aprovada, sustentada pela troca din\u00e2mica de conhecimento entre equipe de trabalho e clientes de diversos segmentos de modo a permitir seu constante aprimoramento. EXPERI\u00caNCIA de sucesso em condu\u00e7\u00e3o de projetos de alta complexidade e amplitude, atuando desde o planejamento e concep\u00e7\u00e3o estrat\u00e9gica at\u00e9 sua efetiva implementa\u00e7\u00e3o. VIV\u00caNCIA de seus profissionais em diversos [&hellip;]<\/p>\n","protected":false},"author":1,"featured_media":0,"parent":0,"menu_order":0,"comment_status":"closed","ping_status":"closed","template":"","meta":{"footnotes":""},"_links":{"self":[{"href":"https:\/\/regens.com.br\/index.php?rest_route=\/wp\/v2\/pages\/189"}],"collection":[{"href":"https:\/\/regens.com.br\/index.php?rest_route=\/wp\/v2\/pages"}],"about":[{"href":"https:\/\/regens.com.br\/index.php?rest_route=\/wp\/v2\/types\/page"}],"author":[{"embeddable":true,"href":"https:\/\/regens.com.br\/index.php?rest_route=\/wp\/v2\/users\/1"}],"replies":[{"embeddable":true,"href":"https:\/\/regens.com.br\/index.php?rest_route=%2Fwp%2Fv2%2Fcomments&post=189"}],"version-history":[{"count":6,"href":"https:\/\/regens.com.br\/index.php?rest_route=\/wp\/v2\/pages\/189\/revisions"}],"predecessor-version":[{"id":213,"href":"https:\/\/regens.com.br\/index.php?rest_route=\/wp\/v2\/pages\/189\/revisions\/213"}],"wp:attachment":[{"href":"https:\/\/regens.com.br\/index.php?rest_route=%2Fwp%2Fv2%2Fmedia&parent=189"}],"curies":[{"name":"wp","href":"https:\/\/api.w.org\/{rel}","templated":true}]}}