{"id":131,"date":"2023-04-14T17:38:39","date_gmt":"2023-04-14T20:38:39","guid":{"rendered":"https:\/\/regens.com.br\/?page_id=131"},"modified":"2023-04-17T12:14:03","modified_gmt":"2023-04-17T15:14:03","slug":"por-que","status":"publish","type":"page","link":"https:\/\/regens.com.br\/?page_id=131","title":{"rendered":"Por que REGENS ?"},"content":{"rendered":"<div class=\"wp-block-image\">\n<figure class=\"aligncenter size-full is-resized\"><img loading=\"lazy\" decoding=\"async\" src=\"https:\/\/regens.com.br\/wp-content\/uploads\/2023\/04\/Efetividade_Ticado-removebg-preview.png\" alt=\"\" class=\"wp-image-174\" width=\"626\" height=\"149\" srcset=\"https:\/\/regens.com.br\/wp-content\/uploads\/2023\/04\/Efetividade_Ticado-removebg-preview.png 956w, https:\/\/regens.com.br\/wp-content\/uploads\/2023\/04\/Efetividade_Ticado-removebg-preview-300x72.png 300w, https:\/\/regens.com.br\/wp-content\/uploads\/2023\/04\/Efetividade_Ticado-removebg-preview-768x184.png 768w\" sizes=\"(max-width: 626px) 100vw, 626px\" \/><\/figure><\/div>\n\n\n<p class=\"has-text-align-center has-medium-font-size\">Porque somos pr\u00f3ximos da realidade de cada cliente e entendemos, na pr\u00e1tica, a realidade de cada um.<\/p>\n\n\n\n<p class=\"has-text-align-center has-medium-font-size\">Podemos desta forma tra\u00e7ar a estrat\u00e9gia mais efetiva e objetiva para a empresa.<\/p>\n\n\n<div class=\"wp-block-image\">\n<figure class=\"aligncenter size-full is-resized\"><img loading=\"lazy\" decoding=\"async\" src=\"https:\/\/regens.com.br\/wp-content\/uploads\/2023\/04\/Credibilidade_ticada-removebg-preview.png\" alt=\"\" class=\"wp-image-175\" width=\"580\" height=\"138\" srcset=\"https:\/\/regens.com.br\/wp-content\/uploads\/2023\/04\/Credibilidade_ticada-removebg-preview.png 956w, https:\/\/regens.com.br\/wp-content\/uploads\/2023\/04\/Credibilidade_ticada-removebg-preview-300x72.png 300w, https:\/\/regens.com.br\/wp-content\/uploads\/2023\/04\/Credibilidade_ticada-removebg-preview-768x184.png 768w\" sizes=\"(max-width: 580px) 100vw, 580px\" \/><\/figure><\/div>\n\n\n<p class=\"has-text-align-center has-medium-font-size\">Porque o hist\u00f3rico da <strong>REGENS<\/strong>, fruto da experi\u00eancia e resultados de seus s\u00f3cios, \u00e9 conseq\u00fc\u00eancia de muito trabalho e dedica\u00e7\u00e3o.<\/p>\n\n\n\n<p class=\"has-text-align-center has-medium-font-size\">O resultado de todos os nossos Clientes \u00e9 nosso maior ATIVO <\/p>\n\n\n<div class=\"wp-block-image\">\n<figure class=\"aligncenter size-full is-resized\"><img loading=\"lazy\" decoding=\"async\" src=\"https:\/\/regens.com.br\/wp-content\/uploads\/2023\/04\/CONFIANCA_ticada-removebg-preview.png\" alt=\"\" class=\"wp-image-177\" width=\"485\" height=\"114\"\/><\/figure><\/div>\n\n\n<p class=\"has-text-align-center has-medium-font-size\">Porque n\u00f3s cuidamos da sustentabilidade de neg\u00f3cios dos Clientes, praticando o conceito por meio da presta\u00e7\u00e3o de servi\u00e7os profissionais com aspectos econ\u00f4micos-financeiros e de governan\u00e7a.<\/p>\n\n\n<div class=\"wp-block-image\">\n<figure class=\"aligncenter size-full is-resized\"><img loading=\"lazy\" decoding=\"async\" src=\"https:\/\/regens.com.br\/wp-content\/uploads\/2023\/04\/Resultado_ticado-removebg-preview.png\" alt=\"\" class=\"wp-image-179\" width=\"517\" height=\"124\" srcset=\"https:\/\/regens.com.br\/wp-content\/uploads\/2023\/04\/Resultado_ticado-removebg-preview.png 956w, https:\/\/regens.com.br\/wp-content\/uploads\/2023\/04\/Resultado_ticado-removebg-preview-300x72.png 300w, https:\/\/regens.com.br\/wp-content\/uploads\/2023\/04\/Resultado_ticado-removebg-preview-768x184.png 768w\" sizes=\"(max-width: 517px) 100vw, 517px\" \/><\/figure><\/div>\n\n\n<p class=\"has-text-align-center has-medium-font-size\">Porque assumimos as fun\u00e7\u00f5es de gest\u00e3o interina com a implanta\u00e7\u00e3o de a\u00e7\u00f5es que permitem \u00e0s empresas conduzir de forma perene sua pr\u00f3pria EVOLU\u00c7\u00c3O.<\/p>\n\n\n<div class=\"wp-block-image\">\n<figure class=\"aligncenter size-full is-resized\"><img loading=\"lazy\" decoding=\"async\" src=\"https:\/\/regens.com.br\/wp-content\/uploads\/2023\/04\/industry-2496192_1920-removebg-preview.png\" alt=\"\" class=\"wp-image-187\" width=\"498\" height=\"332\" srcset=\"https:\/\/regens.com.br\/wp-content\/uploads\/2023\/04\/industry-2496192_1920-removebg-preview.png 612w, https:\/\/regens.com.br\/wp-content\/uploads\/2023\/04\/industry-2496192_1920-removebg-preview-300x200.png 300w\" sizes=\"(max-width: 498px) 100vw, 498px\" \/><\/figure><\/div>\n\n\n<p class=\"has-medium-font-size\">Atuamos em diversos setores que est\u00e3o&nbsp; passando por um momento de crise operacional, financeiro ou que busca uma melhoria de performance em seus neg\u00f3cios.<\/p>\n\n\n\n<p class=\"has-text-align-center has-medium-font-size\">\u201c<em>Somos especializados em resgatar o paciente (empresa) do estado de coma para seu estado de normalidade<\/em>\u201d<\/p>\n","protected":false},"excerpt":{"rendered":"<p>Porque somos pr\u00f3ximos da realidade de cada cliente e entendemos, na pr\u00e1tica, a realidade de cada um. Podemos desta forma tra\u00e7ar a estrat\u00e9gia mais efetiva e objetiva para a empresa. Porque o hist\u00f3rico da REGENS, fruto da experi\u00eancia e resultados de seus s\u00f3cios, \u00e9 conseq\u00fc\u00eancia de muito trabalho e dedica\u00e7\u00e3o. O resultado de todos os [&hellip;]<\/p>\n","protected":false},"author":1,"featured_media":0,"parent":0,"menu_order":0,"comment_status":"closed","ping_status":"closed","template":"","meta":{"footnotes":""},"_links":{"self":[{"href":"https:\/\/regens.com.br\/index.php?rest_route=\/wp\/v2\/pages\/131"}],"collection":[{"href":"https:\/\/regens.com.br\/index.php?rest_route=\/wp\/v2\/pages"}],"about":[{"href":"https:\/\/regens.com.br\/index.php?rest_route=\/wp\/v2\/types\/page"}],"author":[{"embeddable":true,"href":"https:\/\/regens.com.br\/index.php?rest_route=\/wp\/v2\/users\/1"}],"replies":[{"embeddable":true,"href":"https:\/\/regens.com.br\/index.php?rest_route=%2Fwp%2Fv2%2Fcomments&post=131"}],"version-history":[{"count":14,"href":"https:\/\/regens.com.br\/index.php?rest_route=\/wp\/v2\/pages\/131\/revisions"}],"predecessor-version":[{"id":188,"href":"https:\/\/regens.com.br\/index.php?rest_route=\/wp\/v2\/pages\/131\/revisions\/188"}],"wp:attachment":[{"href":"https:\/\/regens.com.br\/index.php?rest_route=%2Fwp%2Fv2%2Fmedia&parent=131"}],"curies":[{"name":"wp","href":"https:\/\/api.w.org\/{rel}","templated":true}]}}